{"id":29,"date":"2025-12-11T15:57:17","date_gmt":"2025-12-11T15:57:17","guid":{"rendered":"https:\/\/opinas.app\/blog\/home\/"},"modified":"2026-02-05T08:20:57","modified_gmt":"2026-02-05T08:20:57","slug":"home","status":"publish","type":"page","link":"https:\/\/opinas.app\/blog\/es\/","title":{"rendered":"Blog"},"content":{"rendered":"\t\t<div data-elementor-type=\"wp-page\" data-elementor-id=\"29\" class=\"elementor elementor-29 elementor-22\" data-elementor-post-type=\"page\">\n\t\t\t\t<div class=\"elementor-element elementor-element-9cddf0a e-flex e-con-boxed e-con e-parent\" data-id=\"9cddf0a\" data-element_type=\"container\" data-e-type=\"container\">\n\t\t\t\t\t<div class=\"e-con-inner\">\n\t\t\t\t<div class=\"elementor-element elementor-element-13780b2 opinas-posts elementor-grid-3 elementor-grid-tablet-2 elementor-grid-mobile-1 elementor-posts--thumbnail-top elementor-card-shadow-yes elementor-posts__hover-gradient elementor-widget elementor-widget-posts\" data-id=\"13780b2\" data-element_type=\"widget\" data-e-type=\"widget\" data-settings=\"{&quot;cards_columns&quot;:&quot;3&quot;,&quot;cards_columns_tablet&quot;:&quot;2&quot;,&quot;cards_columns_mobile&quot;:&quot;1&quot;,&quot;cards_row_gap&quot;:{&quot;unit&quot;:&quot;px&quot;,&quot;size&quot;:35,&quot;sizes&quot;:[]},&quot;cards_row_gap_tablet&quot;:{&quot;unit&quot;:&quot;px&quot;,&quot;size&quot;:&quot;&quot;,&quot;sizes&quot;:[]},&quot;cards_row_gap_mobile&quot;:{&quot;unit&quot;:&quot;px&quot;,&quot;size&quot;:&quot;&quot;,&quot;sizes&quot;:[]}}\" data-widget_type=\"posts.cards\">\n\t\t\t\t<div class=\"elementor-widget-container\">\n\t\t\t\t\t\t\t<div class=\"elementor-posts-container elementor-posts elementor-posts--skin-cards elementor-grid\" role=\"list\">\n\t\t\t\t<article class=\"elementor-post elementor-grid-item post-878 post type-post status-publish format-standard has-post-thumbnail hentry category-sin-categorizar\" role=\"listitem\">\n\t\t\t<div class=\"elementor-post__card\">\n\t\t\t\t<a class=\"elementor-post__thumbnail__link\" href=\"https:\/\/opinas.app\/blog\/es\/programar-publicaciones-google-my-business\/\" tabindex=\"-1\" ><div class=\"elementor-post__thumbnail\"><img fetchpriority=\"high\" decoding=\"async\" width=\"300\" height=\"200\" src=\"https:\/\/opinas.app\/blog\/wp-content\/uploads\/2026\/02\/como-programar-publicaciones-google-my-business-300x200.jpg\" class=\"attachment-medium size-medium wp-image-880\" alt=\"como programar publicaciones google my business\" srcset=\"https:\/\/opinas.app\/blog\/wp-content\/uploads\/2026\/02\/como-programar-publicaciones-google-my-business-300x200.jpg 300w, https:\/\/opinas.app\/blog\/wp-content\/uploads\/2026\/02\/como-programar-publicaciones-google-my-business-768x512.jpg 768w, https:\/\/opinas.app\/blog\/wp-content\/uploads\/2026\/02\/como-programar-publicaciones-google-my-business.jpg 1023w\" sizes=\"(max-width: 300px) 100vw, 300px\" \/><\/div><\/a>\n\t\t\t\t<div class=\"elementor-post__text\">\n\t\t\t\t<h3 class=\"elementor-post__title\">\n\t\t\t<a href=\"https:\/\/opinas.app\/blog\/es\/programar-publicaciones-google-my-business\/\" >\n\t\t\t\tC\u00f3mo programar publicaciones en Google My Business paso a paso\t\t\t<\/a>\n\t\t<\/h3>\n\t\t\t\t<\/div>\n\t\t\t\t\t<\/div>\n\t\t<\/article>\n\t\t\t\t<article class=\"elementor-post elementor-grid-item post-677 post type-post status-publish format-standard has-post-thumbnail hentry category-sin-categorizar\" role=\"listitem\">\n\t\t\t<div class=\"elementor-post__card\">\n\t\t\t\t<a class=\"elementor-post__thumbnail__link\" href=\"https:\/\/opinas.app\/blog\/es\/como-evitar-cambios-ficha-google-my-business-profile\/\" tabindex=\"-1\" ><div class=\"elementor-post__thumbnail\"><img decoding=\"async\" width=\"300\" height=\"200\" src=\"https:\/\/opinas.app\/blog\/wp-content\/uploads\/2026\/02\/como-evitar-cambios-ficha-google-my-business-profile-300x200.jpg\" class=\"attachment-medium size-medium wp-image-678\" alt=\"\" srcset=\"https:\/\/opinas.app\/blog\/wp-content\/uploads\/2026\/02\/como-evitar-cambios-ficha-google-my-business-profile-300x200.jpg 300w, https:\/\/opinas.app\/blog\/wp-content\/uploads\/2026\/02\/como-evitar-cambios-ficha-google-my-business-profile-768x512.jpg 768w, https:\/\/opinas.app\/blog\/wp-content\/uploads\/2026\/02\/como-evitar-cambios-ficha-google-my-business-profile.jpg 1023w\" sizes=\"(max-width: 300px) 100vw, 300px\"><\/div><\/a>\n\t\t\t\t<div class=\"elementor-post__text\">\n\t\t\t\t<h3 class=\"elementor-post__title\">\n\t\t\t<a href=\"https:\/\/opinas.app\/blog\/es\/como-evitar-cambios-ficha-google-my-business-profile\/\" >\n\t\t\t\tC\u00f3mo evitar cambios en tu ficha de Google My Business Profile (y proteger tu negocio)\t\t\t<\/a>\n\t\t<\/h3>\n\t\t\t\t<\/div>\n\t\t\t\t\t<\/div>\n\t\t<\/article>\n\t\t\t\t<article class=\"elementor-post elementor-grid-item post-125 post type-post status-publish format-standard has-post-thumbnail hentry category-sin-categoria\" role=\"listitem\">\n\t\t\t<div class=\"elementor-post__card\">\n\t\t\t\t<a class=\"elementor-post__thumbnail__link\" href=\"https:\/\/opinas.app\/blog\/es\/se-puede-responder-resenas-ia-google\/\" tabindex=\"-1\" ><div class=\"elementor-post__thumbnail\"><img decoding=\"async\" width=\"300\" height=\"200\" src=\"https:\/\/opinas.app\/blog\/wp-content\/uploads\/2025\/09\/se-puede-responder-resenas-con-ia-google-300x200.jpg\" class=\"attachment-medium size-medium wp-image-146\" alt=\"\" srcset=\"https:\/\/opinas.app\/blog\/wp-content\/uploads\/2025\/09\/se-puede-responder-resenas-con-ia-google-300x200.jpg 300w, https:\/\/opinas.app\/blog\/wp-content\/uploads\/2025\/09\/se-puede-responder-resenas-con-ia-google-768x512.jpg 768w, https:\/\/opinas.app\/blog\/wp-content\/uploads\/2025\/09\/se-puede-responder-resenas-con-ia-google.jpg 1023w\" sizes=\"(max-width: 300px) 100vw, 300px\"><\/div><\/a>\n\t\t\t\t<div class=\"elementor-post__text\">\n\t\t\t\t<h3 class=\"elementor-post__title\">\n\t\t\t<a href=\"https:\/\/opinas.app\/blog\/es\/se-puede-responder-resenas-ia-google\/\" >\n\t\t\t\t\u00bfSe puede responder a las rese\u00f1as de Google con IA? (Respuesta oficial)\t\t\t<\/a>\n\t\t<\/h3>\n\t\t\t\t<\/div>\n\t\t\t\t\t<\/div>\n\t\t<\/article>\n\t\t\t\t<article class=\"elementor-post elementor-grid-item post-126 post type-post status-publish format-standard has-post-thumbnail hentry category-sin-categoria\" role=\"listitem\">\n\t\t\t<div class=\"elementor-post__card\">\n\t\t\t\t<a class=\"elementor-post__thumbnail__link\" href=\"https:\/\/opinas.app\/blog\/es\/ordenar-resenas-google-fecha\/\" tabindex=\"-1\" ><div class=\"elementor-post__thumbnail\"><img loading=\"lazy\" decoding=\"async\" width=\"236\" height=\"300\" src=\"https:\/\/opinas.app\/blog\/wp-content\/uploads\/2025\/09\/ordenar-resenas-google-maps-fecha-mas-recientes-236x300.jpg\" class=\"attachment-medium size-medium wp-image-152\" alt=\"\" srcset=\"https:\/\/opinas.app\/blog\/wp-content\/uploads\/2025\/09\/ordenar-resenas-google-maps-fecha-mas-recientes-236x300.jpg 236w, https:\/\/opinas.app\/blog\/wp-content\/uploads\/2025\/09\/ordenar-resenas-google-maps-fecha-mas-recientes.jpg 472w\" sizes=\"(max-width: 236px) 100vw, 236px\"><\/div><\/a>\n\t\t\t\t<div class=\"elementor-post__text\">\n\t\t\t\t<h3 class=\"elementor-post__title\">\n\t\t\t<a href=\"https:\/\/opinas.app\/blog\/es\/ordenar-resenas-google-fecha\/\" >\n\t\t\t\tC\u00f3mo ordenar las rese\u00f1as de Google por fecha [2026]\t\t\t<\/a>\n\t\t<\/h3>\n\t\t\t\t<\/div>\n\t\t\t\t\t<\/div>\n\t\t<\/article>\n\t\t\t\t<article class=\"elementor-post elementor-grid-item post-127 post type-post status-publish format-standard has-post-thumbnail hentry category-sin-categoria\" role=\"listitem\">\n\t\t\t<div class=\"elementor-post__card\">\n\t\t\t\t<a class=\"elementor-post__thumbnail__link\" href=\"https:\/\/opinas.app\/blog\/es\/eliminar-ficha-empresa-google-map-guia\/\" tabindex=\"-1\" ><div class=\"elementor-post__thumbnail\"><img loading=\"lazy\" decoding=\"async\" width=\"300\" height=\"200\" src=\"https:\/\/opinas.app\/blog\/wp-content\/uploads\/2025\/08\/como-eliminar-ficha-empresa-google-maps--300x200.webp\" class=\"attachment-medium size-medium wp-image-155\" alt=\"\" srcset=\"https:\/\/opinas.app\/blog\/wp-content\/uploads\/2025\/08\/como-eliminar-ficha-empresa-google-maps--300x200.webp 300w, https:\/\/opinas.app\/blog\/wp-content\/uploads\/2025\/08\/como-eliminar-ficha-empresa-google-maps--1024x683.webp 1024w, https:\/\/opinas.app\/blog\/wp-content\/uploads\/2025\/08\/como-eliminar-ficha-empresa-google-maps--768x512.webp 768w, https:\/\/opinas.app\/blog\/wp-content\/uploads\/2025\/08\/como-eliminar-ficha-empresa-google-maps-.webp 1200w\" sizes=\"(max-width: 300px) 100vw, 300px\"><\/div><\/a>\n\t\t\t\t<div class=\"elementor-post__text\">\n\t\t\t\t<h3 class=\"elementor-post__title\">\n\t\t\t<a href=\"https:\/\/opinas.app\/blog\/es\/eliminar-ficha-empresa-google-map-guia\/\" >\n\t\t\t\tEliminar una Ficha de Empresa en Google Map [Gu\u00eda]\t\t\t<\/a>\n\t\t<\/h3>\n\t\t\t\t<\/div>\n\t\t\t\t\t<\/div>\n\t\t<\/article>\n\t\t\t\t<article class=\"elementor-post elementor-grid-item post-128 post type-post status-publish format-standard has-post-thumbnail hentry category-sin-categoria\" role=\"listitem\">\n\t\t\t<div class=\"elementor-post__card\">\n\t\t\t\t<a class=\"elementor-post__thumbnail__link\" href=\"https:\/\/opinas.app\/blog\/es\/desactivar-resenas-google-alternativas-reales\/\" tabindex=\"-1\" ><div class=\"elementor-post__thumbnail\"><img loading=\"lazy\" decoding=\"async\" width=\"300\" height=\"200\" src=\"https:\/\/opinas.app\/blog\/wp-content\/uploads\/2025\/08\/como-desactivar-resenas-de-google-300x200.webp\" class=\"attachment-medium size-medium wp-image-158\" alt=\"\" srcset=\"https:\/\/opinas.app\/blog\/wp-content\/uploads\/2025\/08\/como-desactivar-resenas-de-google-300x200.webp 300w, https:\/\/opinas.app\/blog\/wp-content\/uploads\/2025\/08\/como-desactivar-resenas-de-google-1024x683.webp 1024w, https:\/\/opinas.app\/blog\/wp-content\/uploads\/2025\/08\/como-desactivar-resenas-de-google-768x512.webp 768w, https:\/\/opinas.app\/blog\/wp-content\/uploads\/2025\/08\/como-desactivar-resenas-de-google.webp 1200w\" sizes=\"(max-width: 300px) 100vw, 300px\"><\/div><\/a>\n\t\t\t\t<div class=\"elementor-post__text\">\n\t\t\t\t<h3 class=\"elementor-post__title\">\n\t\t\t<a href=\"https:\/\/opinas.app\/blog\/es\/desactivar-resenas-google-alternativas-reales\/\" >\n\t\t\t\tDesactivar las Rese\u00f1as de Google: alternativas reales\t\t\t<\/a>\n\t\t<\/h3>\n\t\t\t\t<\/div>\n\t\t\t\t\t<\/div>\n\t\t<\/article>\n\t\t\t\t<article class=\"elementor-post elementor-grid-item post-129 post type-post status-publish format-standard has-post-thumbnail hentry category-sin-categoria\" role=\"listitem\">\n\t\t\t<div class=\"elementor-post__card\">\n\t\t\t\t<a class=\"elementor-post__thumbnail__link\" href=\"https:\/\/opinas.app\/blog\/es\/denunciar-eliminar-resenas-falsas-google\/\" tabindex=\"-1\" ><div class=\"elementor-post__thumbnail\"><img loading=\"lazy\" decoding=\"async\" width=\"300\" height=\"200\" src=\"https:\/\/opinas.app\/blog\/wp-content\/uploads\/2025\/08\/denunciar-resenas-falsas-google-300x200.jpg\" class=\"attachment-medium size-medium wp-image-161\" alt=\"\" srcset=\"https:\/\/opinas.app\/blog\/wp-content\/uploads\/2025\/08\/denunciar-resenas-falsas-google-300x200.jpg 300w, https:\/\/opinas.app\/blog\/wp-content\/uploads\/2025\/08\/denunciar-resenas-falsas-google-1024x683.jpg 1024w, https:\/\/opinas.app\/blog\/wp-content\/uploads\/2025\/08\/denunciar-resenas-falsas-google-768x512.jpg 768w, https:\/\/opinas.app\/blog\/wp-content\/uploads\/2025\/08\/denunciar-resenas-falsas-google.jpg 1536w\" sizes=\"(max-width: 300px) 100vw, 300px\"><\/div><\/a>\n\t\t\t\t<div class=\"elementor-post__text\">\n\t\t\t\t<h3 class=\"elementor-post__title\">\n\t\t\t<a href=\"https:\/\/opinas.app\/blog\/es\/denunciar-eliminar-resenas-falsas-google\/\" >\n\t\t\t\tDenunciar y eliminar una rese\u00f1a falsa en Google [Gu\u00eda completa]\t\t\t<\/a>\n\t\t<\/h3>\n\t\t\t\t<\/div>\n\t\t\t\t\t<\/div>\n\t\t<\/article>\n\t\t\t\t<article class=\"elementor-post elementor-grid-item post-130 post type-post status-publish format-standard has-post-thumbnail hentry category-sin-categoria\" role=\"listitem\">\n\t\t\t<div class=\"elementor-post__card\">\n\t\t\t\t<a class=\"elementor-post__thumbnail__link\" href=\"https:\/\/opinas.app\/blog\/es\/como-responder-resenas-google\/\" tabindex=\"-1\" ><div class=\"elementor-post__thumbnail\"><img loading=\"lazy\" decoding=\"async\" width=\"300\" height=\"200\" src=\"https:\/\/opinas.app\/blog\/wp-content\/uploads\/2025\/08\/como-responder-resenas-google-300x200.jpg\" class=\"attachment-medium size-medium wp-image-169\" alt=\"\" srcset=\"https:\/\/opinas.app\/blog\/wp-content\/uploads\/2025\/08\/como-responder-resenas-google-300x200.jpg 300w, https:\/\/opinas.app\/blog\/wp-content\/uploads\/2025\/08\/como-responder-resenas-google-768x512.jpg 768w, https:\/\/opinas.app\/blog\/wp-content\/uploads\/2025\/08\/como-responder-resenas-google.jpg 800w\" sizes=\"(max-width: 300px) 100vw, 300px\"><\/div><\/a>\n\t\t\t\t<div class=\"elementor-post__text\">\n\t\t\t\t<h3 class=\"elementor-post__title\">\n\t\t\t<a href=\"https:\/\/opinas.app\/blog\/es\/como-responder-resenas-google\/\" >\n\t\t\t\tC\u00f3mo Responder Rese\u00f1as en Google (Con plantillas o IA)\t\t\t<\/a>\n\t\t<\/h3>\n\t\t\t\t<\/div>\n\t\t\t\t\t<\/div>\n\t\t<\/article>\n\t\t\t\t<article class=\"elementor-post elementor-grid-item post-131 post type-post status-publish format-standard has-post-thumbnail hentry category-sin-categoria\" role=\"listitem\">\n\t\t\t<div class=\"elementor-post__card\">\n\t\t\t\t<a class=\"elementor-post__thumbnail__link\" href=\"https:\/\/opinas.app\/blog\/es\/frases-pedir-resenas-google-ejemplos\/\" tabindex=\"-1\" ><div class=\"elementor-post__thumbnail\"><img loading=\"lazy\" decoding=\"async\" width=\"300\" height=\"200\" src=\"https:\/\/opinas.app\/blog\/wp-content\/uploads\/2025\/08\/frases-pedir-resenas-google-ejemplos-300x200.jpg\" class=\"attachment-medium size-medium wp-image-172\" alt=\"\" srcset=\"https:\/\/opinas.app\/blog\/wp-content\/uploads\/2025\/08\/frases-pedir-resenas-google-ejemplos-300x200.jpg 300w, https:\/\/opinas.app\/blog\/wp-content\/uploads\/2025\/08\/frases-pedir-resenas-google-ejemplos-768x512.jpg 768w, https:\/\/opinas.app\/blog\/wp-content\/uploads\/2025\/08\/frases-pedir-resenas-google-ejemplos.jpg 800w\" sizes=\"(max-width: 300px) 100vw, 300px\"><\/div><\/a>\n\t\t\t\t<div class=\"elementor-post__text\">\n\t\t\t\t<h3 class=\"elementor-post__title\">\n\t\t\t<a href=\"https:\/\/opinas.app\/blog\/es\/frases-pedir-resenas-google-ejemplos\/\" >\n\t\t\t\tFrases para Pedir Rese\u00f1as en Google : 10 Plantillas y ejemplos\u00a0\t\t\t<\/a>\n\t\t<\/h3>\n\t\t\t\t<\/div>\n\t\t\t\t\t<\/div>\n\t\t<\/article>\n\t\t\t\t<article class=\"elementor-post elementor-grid-item post-132 post type-post status-publish format-standard has-post-thumbnail hentry category-sin-categoria\" role=\"listitem\">\n\t\t\t<div class=\"elementor-post__card\">\n\t\t\t\t<a class=\"elementor-post__thumbnail__link\" href=\"https:\/\/opinas.app\/blog\/es\/como-conseguir-resenas-google\/\" tabindex=\"-1\" ><div class=\"elementor-post__thumbnail\"><img loading=\"lazy\" decoding=\"async\" width=\"300\" height=\"200\" src=\"https:\/\/opinas.app\/blog\/wp-content\/uploads\/2025\/07\/como-conseguir-resenas-google-reales-de-clientes-300x200.jpg\" class=\"attachment-medium size-medium wp-image-175\" alt=\"como conseguir rese\u00f1as google reales clientes\" srcset=\"https:\/\/opinas.app\/blog\/wp-content\/uploads\/2025\/07\/como-conseguir-resenas-google-reales-de-clientes-300x200.jpg 300w, https:\/\/opinas.app\/blog\/wp-content\/uploads\/2025\/07\/como-conseguir-resenas-google-reales-de-clientes-768x512.jpg 768w, https:\/\/opinas.app\/blog\/wp-content\/uploads\/2025\/07\/como-conseguir-resenas-google-reales-de-clientes.jpg 800w\" sizes=\"(max-width: 300px) 100vw, 300px\" \/><\/div><\/a>\n\t\t\t\t<div class=\"elementor-post__text\">\n\t\t\t\t<h3 class=\"elementor-post__title\">\n\t\t\t<a href=\"https:\/\/opinas.app\/blog\/es\/como-conseguir-resenas-google\/\" >\n\t\t\t\tC\u00f3mo Conseguir Rese\u00f1as en Google: TOP 5\t\t\t<\/a>\n\t\t<\/h3>\n\t\t\t\t<\/div>\n\t\t\t\t\t<\/div>\n\t\t<\/article>\n\t\t\t\t<article class=\"elementor-post elementor-grid-item post-133 post type-post status-publish format-standard has-post-thumbnail hentry category-sin-categoria\" role=\"listitem\">\n\t\t\t<div class=\"elementor-post__card\">\n\t\t\t\t<a class=\"elementor-post__thumbnail__link\" href=\"https:\/\/opinas.app\/blog\/es\/resena-google-no-aparece-publicada\/\" tabindex=\"-1\" ><div class=\"elementor-post__thumbnail\"><img loading=\"lazy\" decoding=\"async\" width=\"300\" height=\"200\" src=\"https:\/\/opinas.app\/blog\/wp-content\/uploads\/2025\/07\/resena-en-google-no-aparece-publicada-300x200.jpg\" class=\"attachment-medium size-medium wp-image-185\" alt=\"rese\u00f1a en google no aparece publicada\" srcset=\"https:\/\/opinas.app\/blog\/wp-content\/uploads\/2025\/07\/resena-en-google-no-aparece-publicada-300x200.jpg 300w, https:\/\/opinas.app\/blog\/wp-content\/uploads\/2025\/07\/resena-en-google-no-aparece-publicada-768x512.jpg 768w, https:\/\/opinas.app\/blog\/wp-content\/uploads\/2025\/07\/resena-en-google-no-aparece-publicada.jpg 800w\" sizes=\"(max-width: 300px) 100vw, 300px\" \/><\/div><\/a>\n\t\t\t\t<div class=\"elementor-post__text\">\n\t\t\t\t<h3 class=\"elementor-post__title\">\n\t\t\t<a href=\"https:\/\/opinas.app\/blog\/es\/resena-google-no-aparece-publicada\/\" >\n\t\t\t\t\u00bfTu rese\u00f1a en Google no se publica? Descubre por qu\u00e9 no aparece y c\u00f3mo solucionarlo\t\t\t<\/a>\n\t\t<\/h3>\n\t\t\t\t<\/div>\n\t\t\t\t\t<\/div>\n\t\t<\/article>\n\t\t\t\t<article class=\"elementor-post elementor-grid-item post-134 post type-post status-publish format-standard has-post-thumbnail hentry category-sin-categoria\" role=\"listitem\">\n\t\t\t<div class=\"elementor-post__card\">\n\t\t\t\t<a class=\"elementor-post__thumbnail__link\" href=\"https:\/\/opinas.app\/blog\/es\/cuantas-resenas-subir-google\/\" tabindex=\"-1\" ><div class=\"elementor-post__thumbnail\"><img loading=\"lazy\" decoding=\"async\" width=\"300\" height=\"200\" src=\"https:\/\/opinas.app\/blog\/wp-content\/uploads\/2025\/07\/cuantas-resenas-necesitas-para-subir-nota-google-300x200.jpg\" class=\"attachment-medium size-medium wp-image-188\" alt=\"cuantas rese\u00f1as necesitas para subir nota google\" srcset=\"https:\/\/opinas.app\/blog\/wp-content\/uploads\/2025\/07\/cuantas-resenas-necesitas-para-subir-nota-google-300x200.jpg 300w, https:\/\/opinas.app\/blog\/wp-content\/uploads\/2025\/07\/cuantas-resenas-necesitas-para-subir-nota-google-768x512.jpg 768w, https:\/\/opinas.app\/blog\/wp-content\/uploads\/2025\/07\/cuantas-resenas-necesitas-para-subir-nota-google.jpg 800w\" sizes=\"(max-width: 300px) 100vw, 300px\" \/><\/div><\/a>\n\t\t\t\t<div class=\"elementor-post__text\">\n\t\t\t\t<h3 class=\"elementor-post__title\">\n\t\t\t<a href=\"https:\/\/opinas.app\/blog\/es\/cuantas-resenas-subir-google\/\" >\n\t\t\t\tCuantas Rese\u00f1as Necesitas para Subir tu Nota de Google\t\t\t<\/a>\n\t\t<\/h3>\n\t\t\t\t<\/div>\n\t\t\t\t\t<\/div>\n\t\t<\/article>\n\t\t\t\t<article class=\"elementor-post elementor-grid-item post-136 post type-post status-publish format-standard has-post-thumbnail hentry category-sin-categoria\" role=\"listitem\">\n\t\t\t<div class=\"elementor-post__card\">\n\t\t\t\t<a class=\"elementor-post__thumbnail__link\" href=\"https:\/\/opinas.app\/blog\/es\/comprar-resenas-negativas-legal\/\" tabindex=\"-1\" ><div class=\"elementor-post__thumbnail\"><img loading=\"lazy\" decoding=\"async\" width=\"300\" height=\"200\" src=\"https:\/\/opinas.app\/blog\/wp-content\/uploads\/2024\/08\/comprar-resenas-negativas-es-legal-300x200.jpg\" class=\"attachment-medium size-medium wp-image-196\" alt=\"comprar rese\u00f1as negativas es legal\" srcset=\"https:\/\/opinas.app\/blog\/wp-content\/uploads\/2024\/08\/comprar-resenas-negativas-es-legal-300x200.jpg 300w, https:\/\/opinas.app\/blog\/wp-content\/uploads\/2024\/08\/comprar-resenas-negativas-es-legal-768x512.jpg 768w, https:\/\/opinas.app\/blog\/wp-content\/uploads\/2024\/08\/comprar-resenas-negativas-es-legal.jpg 800w\" sizes=\"(max-width: 300px) 100vw, 300px\" \/><\/div><\/a>\n\t\t\t\t<div class=\"elementor-post__text\">\n\t\t\t\t<h3 class=\"elementor-post__title\">\n\t\t\t<a href=\"https:\/\/opinas.app\/blog\/es\/comprar-resenas-negativas-legal\/\" >\n\t\t\t\t\u00bfComprar rese\u00f1as negativas es legal?\t\t\t<\/a>\n\t\t<\/h3>\n\t\t\t\t<\/div>\n\t\t\t\t\t<\/div>\n\t\t<\/article>\n\t\t\t\t<article class=\"elementor-post elementor-grid-item post-138 post type-post status-publish format-standard has-post-thumbnail hentry category-sin-categoria\" role=\"listitem\">\n\t\t\t<div class=\"elementor-post__card\">\n\t\t\t\t<a class=\"elementor-post__thumbnail__link\" href=\"https:\/\/opinas.app\/blog\/es\/importancia-resenas-google-seo\/\" tabindex=\"-1\" ><div class=\"elementor-post__thumbnail\"><img loading=\"lazy\" decoding=\"async\" width=\"300\" height=\"200\" src=\"https:\/\/opinas.app\/blog\/wp-content\/uploads\/2024\/03\/importancia-resenas-google-en-seo-300x200.jpg\" class=\"attachment-medium size-medium wp-image-215\" alt=\"importancia rese\u00f1as google en seo\" srcset=\"https:\/\/opinas.app\/blog\/wp-content\/uploads\/2024\/03\/importancia-resenas-google-en-seo-300x200.jpg 300w, https:\/\/opinas.app\/blog\/wp-content\/uploads\/2024\/03\/importancia-resenas-google-en-seo-768x512.jpg 768w, https:\/\/opinas.app\/blog\/wp-content\/uploads\/2024\/03\/importancia-resenas-google-en-seo.jpg 800w\" sizes=\"(max-width: 300px) 100vw, 300px\" \/><\/div><\/a>\n\t\t\t\t<div class=\"elementor-post__text\">\n\t\t\t\t<h3 class=\"elementor-post__title\">\n\t\t\t<a href=\"https:\/\/opinas.app\/blog\/es\/importancia-resenas-google-seo\/\" >\n\t\t\t\tImportancia de las rese\u00f1as en Google para SEO\t\t\t<\/a>\n\t\t<\/h3>\n\t\t\t\t<\/div>\n\t\t\t\t\t<\/div>\n\t\t<\/article>\n\t\t\t\t<article class=\"elementor-post elementor-grid-item post-139 post type-post status-publish format-standard has-post-thumbnail hentry category-sin-categoria\" role=\"listitem\">\n\t\t\t<div class=\"elementor-post__card\">\n\t\t\t\t<a class=\"elementor-post__thumbnail__link\" href=\"https:\/\/opinas.app\/blog\/es\/beneficios-resenas-google-negocios-locales\/\" tabindex=\"-1\" ><div class=\"elementor-post__thumbnail\"><img loading=\"lazy\" decoding=\"async\" width=\"300\" height=\"200\" src=\"https:\/\/opinas.app\/blog\/wp-content\/uploads\/2024\/03\/beneficios-resenas-google-en-negocios-locales-300x200.jpg\" class=\"attachment-medium size-medium wp-image-219\" alt=\"beneficios rese\u00f1as google en negocios locales\" srcset=\"https:\/\/opinas.app\/blog\/wp-content\/uploads\/2024\/03\/beneficios-resenas-google-en-negocios-locales-300x200.jpg 300w, https:\/\/opinas.app\/blog\/wp-content\/uploads\/2024\/03\/beneficios-resenas-google-en-negocios-locales-768x512.jpg 768w, https:\/\/opinas.app\/blog\/wp-content\/uploads\/2024\/03\/beneficios-resenas-google-en-negocios-locales.jpg 800w\" sizes=\"(max-width: 300px) 100vw, 300px\" \/><\/div><\/a>\n\t\t\t\t<div class=\"elementor-post__text\">\n\t\t\t\t<h3 class=\"elementor-post__title\">\n\t\t\t<a href=\"https:\/\/opinas.app\/blog\/es\/beneficios-resenas-google-negocios-locales\/\" >\n\t\t\t\tBeneficios de las rese\u00f1as en Google para negocios locales\t\t\t<\/a>\n\t\t<\/h3>\n\t\t\t\t<\/div>\n\t\t\t\t\t<\/div>\n\t\t<\/article>\n\t\t\t\t<article class=\"elementor-post elementor-grid-item post-140 post type-post status-publish format-standard has-post-thumbnail hentry category-sin-categoria\" role=\"listitem\">\n\t\t\t<div class=\"elementor-post__card\">\n\t\t\t\t<a class=\"elementor-post__thumbnail__link\" href=\"https:\/\/opinas.app\/blog\/es\/puedo-comprar-resenas-negativas-competencia\/\" tabindex=\"-1\" ><div class=\"elementor-post__thumbnail\"><img loading=\"lazy\" decoding=\"async\" width=\"300\" height=\"200\" src=\"https:\/\/opinas.app\/blog\/wp-content\/uploads\/2024\/03\/comprar-resenas-negativas-competencia-300x200.jpg\" class=\"attachment-medium size-medium wp-image-222\" alt=\"comprar rese\u00f1as negativas competencia\" srcset=\"https:\/\/opinas.app\/blog\/wp-content\/uploads\/2024\/03\/comprar-resenas-negativas-competencia-300x200.jpg 300w, https:\/\/opinas.app\/blog\/wp-content\/uploads\/2024\/03\/comprar-resenas-negativas-competencia-768x512.jpg 768w, https:\/\/opinas.app\/blog\/wp-content\/uploads\/2024\/03\/comprar-resenas-negativas-competencia.jpg 800w\" sizes=\"(max-width: 300px) 100vw, 300px\" \/><\/div><\/a>\n\t\t\t\t<div class=\"elementor-post__text\">\n\t\t\t\t<h3 class=\"elementor-post__title\">\n\t\t\t<a href=\"https:\/\/opinas.app\/blog\/es\/puedo-comprar-resenas-negativas-competencia\/\" >\n\t\t\t\t\u00bfPuedo comprar rese\u00f1as negativas para perjudicar a la competencia?\t\t\t<\/a>\n\t\t<\/h3>\n\t\t\t\t<\/div>\n\t\t\t\t\t<\/div>\n\t\t<\/article>\n\t\t\t\t<article class=\"elementor-post elementor-grid-item post-141 post type-post status-publish format-standard has-post-thumbnail hentry category-sin-categoria\" role=\"listitem\">\n\t\t\t<div class=\"elementor-post__card\">\n\t\t\t\t<a class=\"elementor-post__thumbnail__link\" href=\"https:\/\/opinas.app\/blog\/es\/consejos-para-responder-resenas-google\/\" tabindex=\"-1\" ><div class=\"elementor-post__thumbnail\"><img loading=\"lazy\" decoding=\"async\" width=\"300\" height=\"200\" src=\"https:\/\/opinas.app\/blog\/wp-content\/uploads\/2024\/03\/consejos-responder-resenas-google-300x200.jpg\" class=\"attachment-medium size-medium wp-image-225\" alt=\"consejos responder rese\u00f1as google\" srcset=\"https:\/\/opinas.app\/blog\/wp-content\/uploads\/2024\/03\/consejos-responder-resenas-google-300x200.jpg 300w, https:\/\/opinas.app\/blog\/wp-content\/uploads\/2024\/03\/consejos-responder-resenas-google-768x512.jpg 768w, https:\/\/opinas.app\/blog\/wp-content\/uploads\/2024\/03\/consejos-responder-resenas-google.jpg 800w\" sizes=\"(max-width: 300px) 100vw, 300px\" \/><\/div><\/a>\n\t\t\t\t<div class=\"elementor-post__text\">\n\t\t\t\t<h3 class=\"elementor-post__title\">\n\t\t\t<a href=\"https:\/\/opinas.app\/blog\/es\/consejos-para-responder-resenas-google\/\" >\n\t\t\t\tConsejos para responder a rese\u00f1as en Google\t\t\t<\/a>\n\t\t<\/h3>\n\t\t\t\t<\/div>\n\t\t\t\t\t<\/div>\n\t\t<\/article>\n\t\t\t\t<\/div>\n\t\t\n\t\t\t\t\t\t<\/div>\n\t\t\t\t<\/div>\n\t\t\t\t\t<\/div>\n\t\t\t\t<\/div>\n\t\t\t\t<\/div>\n\t\t","protected":false},"excerpt":{"rendered":"","protected":false},"author":1,"featured_media":0,"parent":0,"menu_order":0,"comment_status":"closed","ping_status":"closed","template":"","meta":{"inline_featured_image":false,"footnotes":""},"class_list":["post-29","page","type-page","status-publish","hentry"],"_links":{"self":[{"href":"https:\/\/opinas.app\/blog\/es\/wp-json\/wp\/v2\/pages\/29","targetHints":{"allow":["GET"]}}],"collection":[{"href":"https:\/\/opinas.app\/blog\/es\/wp-json\/wp\/v2\/pages"}],"about":[{"href":"https:\/\/opinas.app\/blog\/es\/wp-json\/wp\/v2\/types\/page"}],"author":[{"embeddable":true,"href":"https:\/\/opinas.app\/blog\/es\/wp-json\/wp\/v2\/users\/1"}],"replies":[{"embeddable":true,"href":"https:\/\/opinas.app\/blog\/es\/wp-json\/wp\/v2\/comments?post=29"}],"version-history":[{"count":6,"href":"https:\/\/opinas.app\/blog\/es\/wp-json\/wp\/v2\/pages\/29\/revisions"}],"predecessor-version":[{"id":655,"href":"https:\/\/opinas.app\/blog\/es\/wp-json\/wp\/v2\/pages\/29\/revisions\/655"}],"wp:attachment":[{"href":"https:\/\/opinas.app\/blog\/es\/wp-json\/wp\/v2\/media?parent=29"}],"curies":[{"name":"wp","href":"https:\/\/api.w.org\/{rel}","templated":true}]}}